{"id":1,"date":"2019-09-05T08:43:56","date_gmt":"2019-09-05T08:43:56","guid":{"rendered":"https:\/\/mk.af1.pl\/?page_id=1"},"modified":"2026-02-15T16:12:03","modified_gmt":"2026-02-15T16:12:03","slug":"internet-i-telewizja","status":"publish","type":"page","link":"https:\/\/www.inetgo.pl\/","title":{"rendered":"CyberNET"},"content":{"rendered":"<h1><span class=\"geo-xlight title_top\">Internet i Telewizja<\/span><br \/>\n<span class=\"geo-bold title_anime\">\u015aWIAT\u0141OWODOWA<\/span><\/h1>\n<div><span class=\"title_bottom\">W naszej sieci \u015bwiadczymy us\u0142ugi dost\u0119pu do sieci Internet oraz telewizji cyfrowej.<\/span><\/div>\n<p><img decoding=\"async\" src=\"\/wp-content\/uploads\/2025\/12\/GIRL_blue_purple.png\" alt=\"\"><\/p>\n<h6><span class=\"title_bottom\">3 proste kroki aby pod\u0142\u0105czy\u0107 Internet \u015awiat\u0142owodowy w Twoim domu<\/span><\/h6>\n<ul>\n<li>\n<p>        <img decoding=\"async\" src=\"\/wp-content\/uploads\/2025\/11\/KONTAKT.svg\" alt=\"\"><\/p>\n<div>Krok 1<\/div>\n<p>Zadzwo\u0144, napisz lub przyjd\u017a do nas.<\/p>\n<div>Musimy ustali\u0107 czy jeste\u015b w zasi\u0119gu naszej sieci.<\/div>\n<p><a href=\"\/?page_id=26\"><\/a><\/p>\n<\/li>\n<li>\n<p>        <img decoding=\"async\" src=\"\/wp-content\/uploads\/2025\/11\/DOC.svg\" alt=\"\"><\/p>\n<div>Krok 2<\/div>\n<p>Ustal termin i podaj niezb\u0119dne dane.<\/p>\n<div>Wsp\u00f3lnie musimy ustali\u0107 dogodny termin monta\u017cu oraz przygotowa\u0107 umow\u0119 do podpisu<\/div>\n<p><a href=\"\/?page_id=26\"><\/a><\/p>\n<\/li>\n<li>\n<p>        <img decoding=\"async\" src=\"\/wp-content\/uploads\/2025\/09\/XGPON.svg\" alt=\"\"><\/p>\n<div>Krok 3<\/div>\n<p>Wykonujemy monta\u017c i uruchamiamy us\u0142gi. <\/p>\n<div>Monta\u017c zwykle trwa 2-3 h. Potem uruchamiamy us\u0142ug\u0119 i dopiero wtedy podpisujesz umow\u0119<\/div>\n<p><a href=\"\/?page_id=26\"><\/a><\/p>\n<\/li>\n<\/ul>\n<p><!--more--><br \/>\n<!-- {\"type\":\"layout\",\"children\":[{\"type\":\"section\",\"props\":{\"animation\":\"slide-bottom-small\",\"header_transparent\":false,\"header_transparent_noplaceholder\":false,\"header_transparent_text_color\":\"light\",\"image_position\":\"bottom-center\",\"image_size\":\"cover\",\"media_blend_mode\":\"color-dodge\",\"padding_bottom\":\"none\",\"padding_top\":\"none\",\"style\":\"default\",\"title_breakpoint\":\"xl\",\"title_position\":\"top-left\",\"title_rotation\":\"left\",\"vertical_align\":\"\",\"video\":\"wp-content\/uploads\/2025\/12\/shutterstock_1072304789.mov\",\"width\":\"default\"},\"children\":[{\"type\":\"row\",\"children\":[{\"type\":\"column\",\"props\":{\"image_position\":\"center-center\",\"position_sticky_breakpoint\":\"m\"},\"children\":[{\"type\":\"headline\",\"props\":{\"block_align\":\"center\",\"content\":\"<span class=\\\"geo-xlight title_top\\\">Internet i Telewizja<\/span><br \/>\\n<span class=\\\"geo-bold title_anime\\\">\u015aWIAT\u0141OWODOWA<\/span>\",\"image_align\":\"left\",\"image_margin\":\"xsmall\",\"margin_bottom\":\"medium\",\"margin_top\":\"medium\",\"position\":\"relative\",\"position_top\":\"10\",\"text_align\":\"center\",\"text_align_breakpoint\":\"s\",\"text_align_fallback\":\"center\",\"title_element\":\"h1\"}},{\"type\":\"text\",\"props\":{\"block_align\":\"center\",\"class\":\"geo-xlight title_bottom\",\"column_breakpoint\":\"m\",\"content\":\"<span class=\\\"title_bottom\\\">W naszej sieci \u015bwiadczymy us\u0142ugi dost\u0119pu do sieci Internet oraz telewizji cyfrowej.<\/span>\",\"margin_bottom\":\"remove\",\"margin_top\":\"medium\",\"position\":\"relative\",\"position_bottom\":\"25\",\"text_align\":\"center\"}},{\"type\":\"image\",\"props\":{\"blend\":false,\"block_align\":\"center\",\"height_expand\":false,\"height_viewport\":false,\"image\":\"wp-content\/uploads\/2025\/12\/GIRL_blue_purple.png\",\"image_box_decoration\":\"secondary\",\"image_box_decoration_inverse\":false,\"image_svg_animate\":false,\"image_svg_color\":\"\",\"image_svg_inline\":false,\"image_width\":1000,\"margin_bottom\":\"default\",\"margin_top\":\"default\",\"text_align\":\"center\"}},{\"type\":\"headline\",\"props\":{\"class\":\"geo-xlight\",\"content\":\"<span class=\\\"title_bottom\\\">3 proste kroki aby pod\u0142\u0105czy\u0107 Internet \u015awiat\u0142owodowy w Twoim domu<\/span>\",\"image_align\":\"left\",\"image_margin\":\"xsmall\",\"text_align\":\"center\",\"title_decoration\":\"line\",\"title_element\":\"h6\"}},{\"type\":\"grid\",\"props\":{\"content_align\":false,\"content_column_breakpoint\":\"m\",\"content_dropcap\":false,\"filter\":false,\"filter_align\":\"left\",\"filter_all\":true,\"filter_grid_breakpoint\":\"m\",\"filter_grid_width\":\"auto\",\"filter_position\":\"top\",\"filter_style\":\"tab\",\"grid_column_align\":false,\"grid_column_gap\":\"small\",\"grid_default\":\"1\",\"grid_divider\":true,\"grid_medium\":\"\",\"grid_parallax_justify\":false,\"grid_row_align\":true,\"grid_row_gap\":\"medium\",\"grid_small\":\"3\",\"image_align\":\"between\",\"image_grid_breakpoint\":\"m\",\"image_grid_width\":\"1-2\",\"image_height\":60,\"image_margin\":\"small\",\"image_svg_color\":\"emphasis\",\"image_transition\":\"scale-up\",\"image_transition_border\":false,\"image_width\":60,\"item_animation\":true,\"lightbox\":false,\"lightbox_bg_close\":true,\"link_margin\":\"medium\",\"link_style\":\"link-muted\",\"link_text\":\"\",\"margin_bottom\":\"remove\",\"margin_top\":\"large\",\"meta_align\":\"above-content\",\"meta_element\":\"h3\",\"meta_margin\":\"medium\",\"meta_style\":\"h5\",\"panel_link\":false,\"panel_padding\":\"default\",\"panel_style\":\"card-hover\",\"parallax_easing\":\"1\",\"position\":\"relative\",\"position_z_index\":\"1\",\"show_content\":true,\"show_hover_image\":true,\"show_hover_video\":true,\"show_image\":true,\"show_link\":true,\"show_meta\":true,\"show_title\":true,\"show_video\":true,\"text_align\":\"center\",\"title_align\":\"top\",\"title_element\":\"div\",\"title_grid_breakpoint\":\"m\",\"title_grid_width\":\"1-2\",\"title_hover_style\":\"heading\",\"title_style\":\"h2\"},\"children\":[{\"type\":\"grid_item\",\"props\":{\"content\":\"Musimy ustali\u0107 czy jeste\u015b w zasi\u0119gu naszej sieci.\",\"icon\":\"receiver\",\"image\":\"wp-content\/uploads\/2025\/11\/KONTAKT.svg\",\"link\":\"?page_id=26\",\"meta\":\"Zadzwo\u0144, napisz lub przyjd\u017a do nas.\",\"title\":\"Krok 1\"}},{\"type\":\"grid_item\",\"props\":{\"content\":\"Wsp\u00f3lnie musimy ustali\u0107 dogodny termin monta\u017cu oraz przygotowa\u0107 umow\u0119 do podpisu\",\"image\":\"wp-content\/uploads\/2025\/11\/DOC.svg\",\"link\":\"?page_id=26\",\"meta\":\"Ustal termin i podaj niezb\u0119dne dane.\",\"title\":\"Krok 2\"}},{\"type\":\"grid_item\",\"props\":{\"content\":\"Monta\u017c zwykle trwa 2-3 h. Potem uruchamiamy us\u0142ug\u0119 i dopiero wtedy podpisujesz umow\u0119\",\"image\":\"wp-content\/uploads\/2025\/09\/XGPON.svg\",\"link\":\"?page_id=26\",\"meta\":\"Wykonujemy monta\u017c i uruchamiamy us\u0142gi. \",\"title\":\"Krok 3\"}}]}]}]},{\"type\":\"row\",\"children\":[{\"type\":\"column\",\"props\":{\"image_position\":\"center-center\",\"position_sticky_breakpoint\":\"m\"}}]}],\"name\":\"Hero\"}],\"version\":\"5.0.14\"} --><\/p>\n","protected":false},"excerpt":{"rendered":"<p>Internet i Telewizja \u015aWIAT\u0141OWODOWA W naszej sieci \u015bwiadczymy us\u0142ugi dost\u0119pu do sieci Internet oraz telewizji cyfrowej. 3 proste kroki aby pod\u0142\u0105czy\u0107 Internet \u015awiat\u0142owodowy w Twoim domu Krok 1 Zadzwo\u0144, napisz lub przyjd\u017a do nas. Musimy ustali\u0107 czy jeste\u015b w zasi\u0119gu naszej sieci. Krok 2 Ustal termin i podaj niezb\u0119dne dane. Wsp\u00f3lnie musimy ustali\u0107 dogodny termin [&hellip;]<\/p>\n","protected":false},"author":1,"featured_media":0,"parent":0,"menu_order":11,"comment_status":"closed","ping_status":"closed","template":"","meta":{"_acf_changed":false,"footnotes":""},"folder":[],"class_list":["post-1","page","type-page","status-publish","hentry"],"acf":[],"yoast_head":"<!-- This site is optimized with the Yoast SEO plugin v27.2 - https:\/\/yoast.com\/product\/yoast-seo-wordpress\/ -->\n<title>CyberNET - Internet i Telewizja \u015awiat\u0142owodowa<\/title>\n<meta name=\"description\" content=\"CyberNET - niezale\u017cny operator telekomunikacyjny dzia\u0142aj\u0105cy od 2002 r. na lokalnym rynku us\u0142ug dost\u0119pu do Internetu dla Powiatu Chrzanowskiego\" \/>\n<meta name=\"robots\" content=\"index, follow, max-snippet:-1, max-image-preview:large, max-video-preview:-1\" \/>\n<link rel=\"canonical\" href=\"https:\/\/www.inetgo.pl\/\" \/>\n<meta property=\"og:locale\" content=\"en_US\" \/>\n<meta property=\"og:type\" content=\"article\" \/>\n<meta property=\"og:title\" content=\"CyberNET - Internet i Telewizja \u015awiat\u0142owodowa\" \/>\n<meta property=\"og:description\" content=\"CyberNET - niezale\u017cny operator telekomunikacyjny dzia\u0142aj\u0105cy od 2002 r. na lokalnym rynku us\u0142ug dost\u0119pu do Internetu dla Powiatu Chrzanowskiego\" \/>\n<meta property=\"og:url\" content=\"https:\/\/www.inetgo.pl\/\" \/>\n<meta property=\"og:site_name\" content=\"Internet i Telewizja \u015awiat\u0142owodowa\" \/>\n<meta property=\"article:publisher\" content=\"https:\/\/facebook.com\/info.cybernet\/\" \/>\n<meta property=\"article:modified_time\" content=\"2026-02-15T16:12:03+00:00\" \/>\n<meta name=\"twitter:card\" content=\"summary_large_image\" \/>\n<meta name=\"twitter:label1\" content=\"Est. reading time\" \/>\n\t<meta name=\"twitter:data1\" content=\"2 minutes\" \/>\n<script type=\"application\/ld+json\" class=\"yoast-schema-graph\">{\"@context\":\"https:\/\/schema.org\",\"@graph\":[{\"@type\":\"WebPage\",\"@id\":\"https:\/\/www.inetgo.pl\/\",\"url\":\"https:\/\/www.inetgo.pl\/\",\"name\":\"CyberNET - Internet i Telewizja \u015awiat\u0142owodowa\",\"isPartOf\":{\"@id\":\"https:\/\/www.inetgo.pl\/#website\"},\"datePublished\":\"2019-09-05T08:43:56+00:00\",\"dateModified\":\"2026-02-15T16:12:03+00:00\",\"description\":\"CyberNET - niezale\u017cny operator telekomunikacyjny dzia\u0142aj\u0105cy od 2002 r. na lokalnym rynku us\u0142ug dost\u0119pu do Internetu dla Powiatu Chrzanowskiego\",\"breadcrumb\":{\"@id\":\"https:\/\/www.inetgo.pl\/#breadcrumb\"},\"inLanguage\":\"en-US\",\"potentialAction\":[{\"@type\":\"ReadAction\",\"target\":[\"https:\/\/www.inetgo.pl\/\"]}]},{\"@type\":\"BreadcrumbList\",\"@id\":\"https:\/\/www.inetgo.pl\/#breadcrumb\",\"itemListElement\":[{\"@type\":\"ListItem\",\"position\":1,\"name\":\"Home\",\"item\":\"https:\/\/www.inetgo.pl\/\"},{\"@type\":\"ListItem\",\"position\":2,\"name\":\"CyberNET\"}]},{\"@type\":\"WebSite\",\"@id\":\"https:\/\/www.inetgo.pl\/#website\",\"url\":\"https:\/\/www.inetgo.pl\/\",\"name\":\"CyberNET\",\"description\":\"Tw\u00f3j lokalny operator. Internet i TV\",\"publisher\":{\"@id\":\"https:\/\/www.inetgo.pl\/#organization\"},\"potentialAction\":[{\"@type\":\"SearchAction\",\"target\":{\"@type\":\"EntryPoint\",\"urlTemplate\":\"https:\/\/www.inetgo.pl\/?s={search_term_string}\"},\"query-input\":{\"@type\":\"PropertyValueSpecification\",\"valueRequired\":true,\"valueName\":\"search_term_string\"}}],\"inLanguage\":\"en-US\"},{\"@type\":\"Organization\",\"@id\":\"https:\/\/www.inetgo.pl\/#organization\",\"name\":\"CyberNET\",\"url\":\"https:\/\/www.inetgo.pl\/\",\"logo\":{\"@type\":\"ImageObject\",\"inLanguage\":\"en-US\",\"@id\":\"https:\/\/www.inetgo.pl\/#\/schema\/logo\/image\/\",\"url\":\"https:\/\/www.inetgo.pl\/wp-content\/uploads\/2025\/09\/cn_logo.png\",\"contentUrl\":\"https:\/\/www.inetgo.pl\/wp-content\/uploads\/2025\/09\/cn_logo.png\",\"width\":145,\"height\":85,\"caption\":\"CyberNET\"},\"image\":{\"@id\":\"https:\/\/www.inetgo.pl\/#\/schema\/logo\/image\/\"},\"sameAs\":[\"https:\/\/facebook.com\/info.cybernet\/\"]}]}<\/script>\n<!-- \/ Yoast SEO plugin. -->","yoast_head_json":{"title":"CyberNET - Internet i Telewizja \u015awiat\u0142owodowa","description":"CyberNET - niezale\u017cny operator telekomunikacyjny dzia\u0142aj\u0105cy od 2002 r. na lokalnym rynku us\u0142ug dost\u0119pu do Internetu dla Powiatu Chrzanowskiego","robots":{"index":"index","follow":"follow","max-snippet":"max-snippet:-1","max-image-preview":"max-image-preview:large","max-video-preview":"max-video-preview:-1"},"canonical":"https:\/\/www.inetgo.pl\/","og_locale":"en_US","og_type":"article","og_title":"CyberNET - Internet i Telewizja \u015awiat\u0142owodowa","og_description":"CyberNET - niezale\u017cny operator telekomunikacyjny dzia\u0142aj\u0105cy od 2002 r. na lokalnym rynku us\u0142ug dost\u0119pu do Internetu dla Powiatu Chrzanowskiego","og_url":"https:\/\/www.inetgo.pl\/","og_site_name":"Internet i Telewizja \u015awiat\u0142owodowa","article_publisher":"https:\/\/facebook.com\/info.cybernet\/","article_modified_time":"2026-02-15T16:12:03+00:00","twitter_card":"summary_large_image","twitter_misc":{"Est. reading time":"2 minutes"},"schema":{"@context":"https:\/\/schema.org","@graph":[{"@type":"WebPage","@id":"https:\/\/www.inetgo.pl\/","url":"https:\/\/www.inetgo.pl\/","name":"CyberNET - Internet i Telewizja \u015awiat\u0142owodowa","isPartOf":{"@id":"https:\/\/www.inetgo.pl\/#website"},"datePublished":"2019-09-05T08:43:56+00:00","dateModified":"2026-02-15T16:12:03+00:00","description":"CyberNET - niezale\u017cny operator telekomunikacyjny dzia\u0142aj\u0105cy od 2002 r. na lokalnym rynku us\u0142ug dost\u0119pu do Internetu dla Powiatu Chrzanowskiego","breadcrumb":{"@id":"https:\/\/www.inetgo.pl\/#breadcrumb"},"inLanguage":"en-US","potentialAction":[{"@type":"ReadAction","target":["https:\/\/www.inetgo.pl\/"]}]},{"@type":"BreadcrumbList","@id":"https:\/\/www.inetgo.pl\/#breadcrumb","itemListElement":[{"@type":"ListItem","position":1,"name":"Home","item":"https:\/\/www.inetgo.pl\/"},{"@type":"ListItem","position":2,"name":"CyberNET"}]},{"@type":"WebSite","@id":"https:\/\/www.inetgo.pl\/#website","url":"https:\/\/www.inetgo.pl\/","name":"CyberNET","description":"Tw\u00f3j lokalny operator. Internet i TV","publisher":{"@id":"https:\/\/www.inetgo.pl\/#organization"},"potentialAction":[{"@type":"SearchAction","target":{"@type":"EntryPoint","urlTemplate":"https:\/\/www.inetgo.pl\/?s={search_term_string}"},"query-input":{"@type":"PropertyValueSpecification","valueRequired":true,"valueName":"search_term_string"}}],"inLanguage":"en-US"},{"@type":"Organization","@id":"https:\/\/www.inetgo.pl\/#organization","name":"CyberNET","url":"https:\/\/www.inetgo.pl\/","logo":{"@type":"ImageObject","inLanguage":"en-US","@id":"https:\/\/www.inetgo.pl\/#\/schema\/logo\/image\/","url":"https:\/\/www.inetgo.pl\/wp-content\/uploads\/2025\/09\/cn_logo.png","contentUrl":"https:\/\/www.inetgo.pl\/wp-content\/uploads\/2025\/09\/cn_logo.png","width":145,"height":85,"caption":"CyberNET"},"image":{"@id":"https:\/\/www.inetgo.pl\/#\/schema\/logo\/image\/"},"sameAs":["https:\/\/facebook.com\/info.cybernet\/"]}]}},"_links":{"self":[{"href":"https:\/\/www.inetgo.pl\/index.php?rest_route=\/wp\/v2\/pages\/1","targetHints":{"allow":["GET"]}}],"collection":[{"href":"https:\/\/www.inetgo.pl\/index.php?rest_route=\/wp\/v2\/pages"}],"about":[{"href":"https:\/\/www.inetgo.pl\/index.php?rest_route=\/wp\/v2\/types\/page"}],"author":[{"embeddable":true,"href":"https:\/\/www.inetgo.pl\/index.php?rest_route=\/wp\/v2\/users\/1"}],"replies":[{"embeddable":true,"href":"https:\/\/www.inetgo.pl\/index.php?rest_route=%2Fwp%2Fv2%2Fcomments&post=1"}],"version-history":[{"count":135,"href":"https:\/\/www.inetgo.pl\/index.php?rest_route=\/wp\/v2\/pages\/1\/revisions"}],"predecessor-version":[{"id":3145,"href":"https:\/\/www.inetgo.pl\/index.php?rest_route=\/wp\/v2\/pages\/1\/revisions\/3145"}],"wp:attachment":[{"href":"https:\/\/www.inetgo.pl\/index.php?rest_route=%2Fwp%2Fv2%2Fmedia&parent=1"}],"wp:term":[{"taxonomy":"folder","embeddable":true,"href":"https:\/\/www.inetgo.pl\/index.php?rest_route=%2Fwp%2Fv2%2Ffolder&post=1"}],"curies":[{"name":"wp","href":"https:\/\/api.w.org\/{rel}","templated":true}]}}