{"id":2785,"date":"2025-11-30T13:28:05","date_gmt":"2025-11-30T13:28:05","guid":{"rendered":"https:\/\/mk.af1.pl\/?page_id=2785"},"modified":"2025-12-02T21:34:38","modified_gmt":"2025-12-02T21:34:38","slug":"przylacza","status":"publish","type":"page","link":"https:\/\/www.inetgo.pl\/?page_id=2785","title":{"rendered":"PRZY\u0141\u0104CZA"},"content":{"rendered":"<p><img decoding=\"async\" src=\"\/wp-content\/uploads\/2025\/11\/SPAWANIE.png\" alt=\"\"><\/p>\n<div>\n<h3>Budowa PRZY\u0141ACZY<\/h3>\n<div>Dzi\u0119ki dofinansowaniu z Funduszy Europejskich dla Ma\u0142opolski realizujemy kompleksow\u0105 budow\u0119 przy\u0142\u0105czy telekomunikacyjnych dla klient\u00f3w indywidualnych, firm oraz instytucji. Dzi\u0119ki w\u0142asnemu, nowoczesnemu parkowi maszynowemu wykonujemy zar\u00f3wno niewielkie przy\u0142\u0105cza do pojedynczych budynk\u00f3w, jak i d\u0142u\u017csze odcinki sieci wraz z kanalizacj\u0105 teletechniczn\u0105 i mikrokanalizacj\u0105.\n<\/div>\n<\/div>\n<div>\n<h3>Park MASZYNOWY<\/h3>\n<div>\n<ul class=\"uk-list uk-list-large\">\n<li>\n<div class=\"uk-grid-small\" uk-grid=\"\">\n<div class=\"uk-width-auto\"><img decoding=\"async\" alt=\"\" src=\"\/wp-content\/uploads\/yootheme\/check.svg\" uk-svg=\"\" loading=\"lazy\" \/><\/div>\n<div class=\"uk-width-expand \">Koparka Kubota KX018<\/div>\n<\/div>\n<\/li>\n<li>\n<div class=\"uk-grid-small\" uk-grid=\"\">\n<div class=\"uk-width-auto\"><img decoding=\"async\" alt=\"\" src=\"\/wp-content\/uploads\/yootheme\/check.svg\" uk-svg=\"\" loading=\"lazy\" \/><\/div>\n<div class=\"uk-width-expand \">Koparka \u0142a\u0144cuchowa MAK80<\/div>\n<\/div>\n<\/li>\n<li>\n<div class=\"uk-grid-small\" uk-grid=\"\">\n<div class=\"uk-width-auto\"><img decoding=\"async\" alt=\"\" src=\"\/wp-content\/uploads\/yootheme\/check.svg\" uk-svg=\"\" loading=\"lazy\" \/><\/div>\n<div class=\"uk-width-expand \">Wdmuchiwarka \u015bwiat\u0142owodowa WEMAG<\/div>\n<\/div>\n<\/li>\n<li>\n<div class=\"uk-grid-small\" uk-grid=\"\">\n<div class=\"uk-width-auto\"><img decoding=\"async\" alt=\"\" src=\"\/wp-content\/uploads\/yootheme\/check.svg\" uk-svg=\"\" loading=\"lazy\" \/><\/div>\n<div class=\"uk-width-expand \">Kompresor Atmos PB 82<\/div>\n<\/div>\n<\/li>\n<li>\n<div class=\"uk-grid-small\" uk-grid=\"\">\n<div class=\"uk-width-auto\"><img decoding=\"async\" alt=\"\" src=\"\/wp-content\/uploads\/yootheme\/check.svg\" uk-svg=\"\" loading=\"lazy\" \/><\/div>\n<div class=\"uk-width-expand \">Wiertnica hydrauliczna MARUZEN<\/div>\n<\/div>\n<\/li>\n<li>\n<div class=\"uk-grid-small\" uk-grid=\"\">\n<div class=\"uk-width-auto\"><img decoding=\"async\" alt=\"\" src=\"\/wp-content\/uploads\/yootheme\/check.svg\" uk-svg=\"\" loading=\"lazy\" \/><\/div>\n<div class=\"uk-width-expand \">Maszyna do przecisk\u00f3w INTERRAM<\/div>\n<\/div>\n<\/li>\n<\/ul>\n<\/div>\n<\/div>\n<table>\n<tbody>\n<tr>\n<td><span style=\"font-size: 150%; font-weight:bold; color: white\">Nazwa us\u0142ugi<\/span><\/td>\n<td><span style=\"font-size: 150%; font-weight:bold; color: white\">Cena<\/span><\/td>\n<\/tr>\n<tr>\n<td>Wykop liniowy minikopark\u0105<\/td>\n<td>20 z\u0142\/m<\/td>\n<\/tr>\n<tr>\n<td>Wykop liniowy kopark\u0105 \u0142a\u0144cuchow\u0105<\/td>\n<td>10 z\u0142\/m<\/td>\n<\/tr>\n<tr>\n<td>Wykonanie mikrokanalizacji teletechnicznej Rura HDPE fi 32 wraz z ta\u015bm\u0105 ostrzegawcz\u0105<\/td>\n<td>5 z\u0142\/m<\/td>\n<\/tr>\n<tr>\n<td>Wykonanie mikrokanalizacji teletechnicznej mikrorurka fi 12 wraz z ta\u015bm\u0105 ostrzegawcz\u0105<\/td>\n<td>4 z\u0142\/m<\/td>\n<\/tr>\n<tr>\n<td>Wdmuchiwanie kabla do rury HDP i mikrorury<\/td>\n<td>5 z\u0142\/m<\/td>\n<\/tr>\n<tr>\n<td>Przewiert wiertnic\u0105 hydrauliczn\u0105 do 6 m<\/td>\n<td>500 z\u0142<\/td>\n<\/tr>\n<\/tbody>\n<\/table>\n<p><!--more--><br \/>\n<!-- {\"type\":\"layout\",\"children\":[{\"type\":\"section\",\"props\":{\"image_position\":\"center-center\",\"style\":\"default\",\"title_breakpoint\":\"xl\",\"title_position\":\"top-left\",\"title_rotation\":\"left\",\"vertical_align\":\"middle\",\"width\":\"default\"},\"children\":[{\"type\":\"row\",\"props\":{\"layout\":\"1-2,1-2\"},\"children\":[{\"type\":\"column\",\"props\":{\"image_position\":\"center-center\",\"order_first\":\"s\",\"position_sticky_breakpoint\":\"m\",\"width_medium\":\"3-5\",\"width_small\":\"1-2\"},\"children\":[{\"type\":\"image\",\"props\":{\"image\":\"wp-content\\\/uploads\\\/2025\\\/11\\\/SPAWANIE.png\",\"image_svg_color\":\"emphasis\",\"margin\":\"default\"}}]},{\"type\":\"column\",\"props\":{\"image_position\":\"center-center\",\"order_first\":\"xs\",\"position_sticky_breakpoint\":\"m\",\"width_medium\":\"2-5\",\"width_small\":\"1-2\"},\"children\":[{\"type\":\"panel\",\"props\":{\"content\":\"Dzi\\u0119ki dofinansowaniu z Funduszy Europejskich dla Ma\\u0142opolski realizujemy kompleksow\\u0105 budow\\u0119 przy\\u0142\\u0105czy telekomunikacyjnych dla klient\\u00f3w indywidualnych, firm oraz instytucji. Dzi\\u0119ki w\\u0142asnemu, nowoczesnemu parkowi maszynowemu wykonujemy zar\\u00f3wno niewielkie przy\\u0142\\u0105cza do pojedynczych budynk\\u00f3w, jak i d\\u0142u\\u017csze odcinki sieci wraz z kanalizacj\\u0105 teletechniczn\\u0105 i mikrokanalizacj\\u0105.\\n\",\"content_column_breakpoint\":\"m\",\"icon_width\":80,\"image_align\":\"top\",\"image_grid_breakpoint\":\"m\",\"image_grid_width\":\"1-2\",\"image_svg_color\":\"emphasis\",\"link_style\":\"default\",\"link_text\":\"Read more\",\"margin\":\"default\",\"meta_align\":\"below-title\",\"meta_element\":\"div\",\"meta_style\":\"text-meta\",\"text_align\":\"justify\",\"title\":\"Budowa PRZY\\u0141ACZY\",\"title_align\":\"top\",\"title_element\":\"h3\",\"title_grid_breakpoint\":\"m\",\"title_grid_width\":\"1-2\",\"title_hover_style\":\"reset\",\"title_style\":\"h2\"}},{\"type\":\"panel\",\"props\":{\"content\":\"\n\n<ul class=\\\"uk-list uk-list-large\\\">\\n\n\n<li>\\n\n\n<div class=\\\"uk-grid-small\\\" uk-grid=\\\"\\\">\\n\n\n<div class=\\\"uk-width-auto\\\"><img alt=\\\"\\\" src=\\\"wp-content\\\/uploads\\\/yootheme\\\/check.svg\\\" uk-svg=\\\"\\\" loading=\\\"lazy\\\" \\\/><\\\/div>\\n\n\n<div class=\\\"uk-width-expand \\\">Koparka Kubota KX018<\\\/div>\\n<\\\/div>\\n<\\\/li>\\n\n\n<li>\\n\n\n<div class=\\\"uk-grid-small\\\" uk-grid=\\\"\\\">\\n\n\n<div class=\\\"uk-width-auto\\\"><img alt=\\\"\\\" src=\\\"wp-content\\\/uploads\\\/yootheme\\\/check.svg\\\" uk-svg=\\\"\\\" loading=\\\"lazy\\\" \\\/><\\\/div>\\n\n\n<div class=\\\"uk-width-expand \\\">Koparka \\u0142a\\u0144cuchowa MAK80<\\\/div>\\n<\\\/div>\\n<\\\/li>\\n\n\n<li>\\n\n\n<div class=\\\"uk-grid-small\\\" uk-grid=\\\"\\\">\\n\n\n<div class=\\\"uk-width-auto\\\"><img alt=\\\"\\\" src=\\\"wp-content\\\/uploads\\\/yootheme\\\/check.svg\\\" uk-svg=\\\"\\\" loading=\\\"lazy\\\" \\\/><\\\/div>\\n\n\n<div class=\\\"uk-width-expand \\\">Wdmuchiwarka \\u015bwiat\\u0142owodowa WEMAG<\\\/div>\\n<\\\/div>\\n<\\\/li>\\n\n\n<li>\\n\n\n<div class=\\\"uk-grid-small\\\" uk-grid=\\\"\\\">\\n\n\n<div class=\\\"uk-width-auto\\\"><img alt=\\\"\\\" src=\\\"wp-content\\\/uploads\\\/yootheme\\\/check.svg\\\" uk-svg=\\\"\\\" loading=\\\"lazy\\\" \\\/><\\\/div>\\n\n\n<div class=\\\"uk-width-expand \\\">Kompresor Atmos PB 82<\\\/div>\\n<\\\/div>\\n<\\\/li>\\n\n\n<li>\\n\n\n<div class=\\\"uk-grid-small\\\" uk-grid=\\\"\\\">\\n\n\n<div class=\\\"uk-width-auto\\\"><img alt=\\\"\\\" src=\\\"wp-content\\\/uploads\\\/yootheme\\\/check.svg\\\" uk-svg=\\\"\\\" loading=\\\"lazy\\\" \\\/><\\\/div>\\n\n\n<div class=\\\"uk-width-expand \\\">Wiertnica hydrauliczna MARUZEN<\\\/div>\\n<\\\/div>\\n<\\\/li>\\n\n\n<li>\\n\n\n<div class=\\\"uk-grid-small\\\" uk-grid=\\\"\\\">\\n\n\n<div class=\\\"uk-width-auto\\\"><img alt=\\\"\\\" src=\\\"wp-content\\\/uploads\\\/yootheme\\\/check.svg\\\" uk-svg=\\\"\\\" loading=\\\"lazy\\\" \\\/><\\\/div>\\n\n\n<div class=\\\"uk-width-expand \\\">Maszyna do przecisk\\u00f3w INTERRAM<\\\/div>\\n<\\\/div>\\n<\\\/li>\\n<\\\/ul>\",\"content_column_breakpoint\":\"m\",\"icon_width\":80,\"image_align\":\"top\",\"image_grid_breakpoint\":\"m\",\"image_grid_width\":\"1-2\",\"image_svg_color\":\"emphasis\",\"link_style\":\"default\",\"link_text\":\"Read more\",\"margin\":\"default\",\"meta_align\":\"below-title\",\"meta_element\":\"div\",\"meta_style\":\"text-meta\",\"title\":\"Park MASZYNOWY\",\"title_align\":\"top\",\"title_element\":\"h3\",\"title_grid_breakpoint\":\"m\",\"title_grid_width\":\"1-2\",\"title_hover_style\":\"reset\",\"title_style\":\"h2\"}}]}]},{\"type\":\"row\",\"children\":[{\"type\":\"column\",\"props\":{\"image_position\":\"center-center\",\"position_sticky_breakpoint\":\"m\"},\"children\":[{\"type\":\"table\",\"props\":{\"image_svg_color\":\"emphasis\",\"link_style\":\"default\",\"link_text\":\"Read more\",\"meta_style\":\"text-meta\",\"show_content\":true,\"show_image\":true,\"show_link\":true,\"show_meta\":true,\"show_title\":true,\"table_last_align\":\"center\",\"table_order\":\"1\",\"table_responsive\":\"overflow\",\"table_style\":\"divider\",\"table_vertical_align\":false,\"table_width_meta\":\"shrink\",\"table_width_title\":\"shrink\"},\"children\":[{\"type\":\"table_item\",\"props\":{\"content\":\"<span style=\\\"font-size: 150%; font-weight:bold; color: white\\\">Cena<\\\/span>\",\"title\":\"<span style=\\\"font-size: 150%; font-weight:bold; color: white\\\">Nazwa us\\u0142ugi<\\\/span>\"}},{\"type\":\"table_item\",\"props\":{\"content\":\"20 z\\u0142\\\/m\",\"title\":\"Wykop liniowy minikopark\\u0105\"}},{\"type\":\"table_item\",\"props\":{\"content\":\"10 z\\u0142\\\/m\",\"title\":\"Wykop liniowy kopark\\u0105 \\u0142a\\u0144cuchow\\u0105\"}},{\"type\":\"table_item\",\"props\":{\"content\":\"5 z\\u0142\\\/m\",\"title\":\"Wykonanie mikrokanalizacji teletechnicznej Rura HDPE fi 32 wraz z ta\\u015bm\\u0105 ostrzegawcz\\u0105\"}},{\"type\":\"table_item\",\"props\":{\"content\":\"4 z\\u0142\\\/m\",\"title\":\"Wykonanie mikrokanalizacji teletechnicznej mikrorurka fi 12 wraz z ta\\u015bm\\u0105 ostrzegawcz\\u0105\"}},{\"type\":\"table_item\",\"props\":{\"content\":\"5 z\\u0142\\\/m\",\"title\":\"Wdmuchiwanie kabla do rury HDP i mikrorury\"}},{\"type\":\"table_item\",\"props\":{\"content\":\"500 z\\u0142\",\"title\":\"Przewiert wiertnic\\u0105 hydrauliczn\\u0105 do 6 m\"}}]}]}]}]}],\"version\":\"4.5.32\"} --><\/p>\n","protected":false},"excerpt":{"rendered":"<p>Budowa PRZY\u0141ACZY Dzi\u0119ki dofinansowaniu z Funduszy Europejskich dla Ma\u0142opolski realizujemy kompleksow\u0105 budow\u0119 przy\u0142\u0105czy telekomunikacyjnych dla klient\u00f3w indywidualnych, firm oraz instytucji. Dzi\u0119ki w\u0142asnemu, nowoczesnemu parkowi maszynowemu wykonujemy zar\u00f3wno niewielkie przy\u0142\u0105cza do pojedynczych budynk\u00f3w, jak i d\u0142u\u017csze odcinki sieci wraz z kanalizacj\u0105 teletechniczn\u0105 i mikrokanalizacj\u0105. Park MASZYNOWY Koparka Kubota KX018 Koparka \u0142a\u0144cuchowa MAK80 Wdmuchiwarka \u015bwiat\u0142owodowa WEMAG Kompresor [&hellip;]<\/p>\n","protected":false},"author":1,"featured_media":0,"parent":0,"menu_order":0,"comment_status":"closed","ping_status":"closed","template":"","meta":{"_acf_changed":false,"footnotes":""},"folder":[],"class_list":["post-2785","page","type-page","status-publish","hentry"],"acf":[],"yoast_head":"<!-- This site is optimized with the Yoast SEO plugin v27.2 - https:\/\/yoast.com\/product\/yoast-seo-wordpress\/ -->\n<title>PRZY\u0141\u0104CZA - Internet i Telewizja \u015awiat\u0142owodowa<\/title>\n<meta name=\"robots\" content=\"index, follow, max-snippet:-1, max-image-preview:large, max-video-preview:-1\" \/>\n<link rel=\"canonical\" href=\"https:\/\/www.inetgo.pl\/?page_id=2785\" \/>\n<meta property=\"og:locale\" content=\"en_US\" \/>\n<meta property=\"og:type\" content=\"article\" \/>\n<meta property=\"og:title\" content=\"PRZY\u0141\u0104CZA - Internet i Telewizja \u015awiat\u0142owodowa\" \/>\n<meta property=\"og:description\" content=\"Budowa PRZY\u0141ACZY Dzi\u0119ki dofinansowaniu z Funduszy Europejskich dla Ma\u0142opolski realizujemy kompleksow\u0105 budow\u0119 przy\u0142\u0105czy telekomunikacyjnych dla klient\u00f3w indywidualnych, firm oraz instytucji. Dzi\u0119ki w\u0142asnemu, nowoczesnemu parkowi maszynowemu wykonujemy zar\u00f3wno niewielkie przy\u0142\u0105cza do pojedynczych budynk\u00f3w, jak i d\u0142u\u017csze odcinki sieci wraz z kanalizacj\u0105 teletechniczn\u0105 i mikrokanalizacj\u0105. Park MASZYNOWY Koparka Kubota KX018 Koparka \u0142a\u0144cuchowa MAK80 Wdmuchiwarka \u015bwiat\u0142owodowa WEMAG Kompresor [&hellip;]\" \/>\n<meta property=\"og:url\" content=\"https:\/\/www.inetgo.pl\/?page_id=2785\" \/>\n<meta property=\"og:site_name\" content=\"Internet i Telewizja \u015awiat\u0142owodowa\" \/>\n<meta property=\"article:publisher\" content=\"https:\/\/facebook.com\/info.cybernet\/\" \/>\n<meta property=\"article:modified_time\" content=\"2025-12-02T21:34:38+00:00\" \/>\n<meta name=\"twitter:card\" content=\"summary_large_image\" \/>\n<meta name=\"twitter:label1\" content=\"Est. reading time\" \/>\n\t<meta name=\"twitter:data1\" content=\"1 minute\" \/>\n<script type=\"application\/ld+json\" class=\"yoast-schema-graph\">{\"@context\":\"https:\/\/schema.org\",\"@graph\":[{\"@type\":\"WebPage\",\"@id\":\"https:\/\/www.inetgo.pl\/?page_id=2785\",\"url\":\"https:\/\/www.inetgo.pl\/?page_id=2785\",\"name\":\"PRZY\u0141\u0104CZA - Internet i Telewizja \u015awiat\u0142owodowa\",\"isPartOf\":{\"@id\":\"https:\/\/www.inetgo.pl\/#website\"},\"datePublished\":\"2025-11-30T13:28:05+00:00\",\"dateModified\":\"2025-12-02T21:34:38+00:00\",\"breadcrumb\":{\"@id\":\"https:\/\/www.inetgo.pl\/?page_id=2785#breadcrumb\"},\"inLanguage\":\"en-US\",\"potentialAction\":[{\"@type\":\"ReadAction\",\"target\":[\"https:\/\/www.inetgo.pl\/?page_id=2785\"]}]},{\"@type\":\"BreadcrumbList\",\"@id\":\"https:\/\/www.inetgo.pl\/?page_id=2785#breadcrumb\",\"itemListElement\":[{\"@type\":\"ListItem\",\"position\":1,\"name\":\"Home\",\"item\":\"https:\/\/www.inetgo.pl\/\"},{\"@type\":\"ListItem\",\"position\":2,\"name\":\"PRZY\u0141\u0104CZA\"}]},{\"@type\":\"WebSite\",\"@id\":\"https:\/\/www.inetgo.pl\/#website\",\"url\":\"https:\/\/www.inetgo.pl\/\",\"name\":\"CyberNET\",\"description\":\"Tw\u00f3j lokalny operator. Internet i TV\",\"publisher\":{\"@id\":\"https:\/\/www.inetgo.pl\/#organization\"},\"potentialAction\":[{\"@type\":\"SearchAction\",\"target\":{\"@type\":\"EntryPoint\",\"urlTemplate\":\"https:\/\/www.inetgo.pl\/?s={search_term_string}\"},\"query-input\":{\"@type\":\"PropertyValueSpecification\",\"valueRequired\":true,\"valueName\":\"search_term_string\"}}],\"inLanguage\":\"en-US\"},{\"@type\":\"Organization\",\"@id\":\"https:\/\/www.inetgo.pl\/#organization\",\"name\":\"CyberNET\",\"url\":\"https:\/\/www.inetgo.pl\/\",\"logo\":{\"@type\":\"ImageObject\",\"inLanguage\":\"en-US\",\"@id\":\"https:\/\/www.inetgo.pl\/#\/schema\/logo\/image\/\",\"url\":\"https:\/\/www.inetgo.pl\/wp-content\/uploads\/2025\/09\/cn_logo.png\",\"contentUrl\":\"https:\/\/www.inetgo.pl\/wp-content\/uploads\/2025\/09\/cn_logo.png\",\"width\":145,\"height\":85,\"caption\":\"CyberNET\"},\"image\":{\"@id\":\"https:\/\/www.inetgo.pl\/#\/schema\/logo\/image\/\"},\"sameAs\":[\"https:\/\/facebook.com\/info.cybernet\/\"]}]}<\/script>\n<!-- \/ Yoast SEO plugin. -->","yoast_head_json":{"title":"PRZY\u0141\u0104CZA - Internet i Telewizja \u015awiat\u0142owodowa","robots":{"index":"index","follow":"follow","max-snippet":"max-snippet:-1","max-image-preview":"max-image-preview:large","max-video-preview":"max-video-preview:-1"},"canonical":"https:\/\/www.inetgo.pl\/?page_id=2785","og_locale":"en_US","og_type":"article","og_title":"PRZY\u0141\u0104CZA - Internet i Telewizja \u015awiat\u0142owodowa","og_description":"Budowa PRZY\u0141ACZY Dzi\u0119ki dofinansowaniu z Funduszy Europejskich dla Ma\u0142opolski realizujemy kompleksow\u0105 budow\u0119 przy\u0142\u0105czy telekomunikacyjnych dla klient\u00f3w indywidualnych, firm oraz instytucji. Dzi\u0119ki w\u0142asnemu, nowoczesnemu parkowi maszynowemu wykonujemy zar\u00f3wno niewielkie przy\u0142\u0105cza do pojedynczych budynk\u00f3w, jak i d\u0142u\u017csze odcinki sieci wraz z kanalizacj\u0105 teletechniczn\u0105 i mikrokanalizacj\u0105. Park MASZYNOWY Koparka Kubota KX018 Koparka \u0142a\u0144cuchowa MAK80 Wdmuchiwarka \u015bwiat\u0142owodowa WEMAG Kompresor [&hellip;]","og_url":"https:\/\/www.inetgo.pl\/?page_id=2785","og_site_name":"Internet i Telewizja \u015awiat\u0142owodowa","article_publisher":"https:\/\/facebook.com\/info.cybernet\/","article_modified_time":"2025-12-02T21:34:38+00:00","twitter_card":"summary_large_image","twitter_misc":{"Est. reading time":"1 minute"},"schema":{"@context":"https:\/\/schema.org","@graph":[{"@type":"WebPage","@id":"https:\/\/www.inetgo.pl\/?page_id=2785","url":"https:\/\/www.inetgo.pl\/?page_id=2785","name":"PRZY\u0141\u0104CZA - Internet i Telewizja \u015awiat\u0142owodowa","isPartOf":{"@id":"https:\/\/www.inetgo.pl\/#website"},"datePublished":"2025-11-30T13:28:05+00:00","dateModified":"2025-12-02T21:34:38+00:00","breadcrumb":{"@id":"https:\/\/www.inetgo.pl\/?page_id=2785#breadcrumb"},"inLanguage":"en-US","potentialAction":[{"@type":"ReadAction","target":["https:\/\/www.inetgo.pl\/?page_id=2785"]}]},{"@type":"BreadcrumbList","@id":"https:\/\/www.inetgo.pl\/?page_id=2785#breadcrumb","itemListElement":[{"@type":"ListItem","position":1,"name":"Home","item":"https:\/\/www.inetgo.pl\/"},{"@type":"ListItem","position":2,"name":"PRZY\u0141\u0104CZA"}]},{"@type":"WebSite","@id":"https:\/\/www.inetgo.pl\/#website","url":"https:\/\/www.inetgo.pl\/","name":"CyberNET","description":"Tw\u00f3j lokalny operator. Internet i TV","publisher":{"@id":"https:\/\/www.inetgo.pl\/#organization"},"potentialAction":[{"@type":"SearchAction","target":{"@type":"EntryPoint","urlTemplate":"https:\/\/www.inetgo.pl\/?s={search_term_string}"},"query-input":{"@type":"PropertyValueSpecification","valueRequired":true,"valueName":"search_term_string"}}],"inLanguage":"en-US"},{"@type":"Organization","@id":"https:\/\/www.inetgo.pl\/#organization","name":"CyberNET","url":"https:\/\/www.inetgo.pl\/","logo":{"@type":"ImageObject","inLanguage":"en-US","@id":"https:\/\/www.inetgo.pl\/#\/schema\/logo\/image\/","url":"https:\/\/www.inetgo.pl\/wp-content\/uploads\/2025\/09\/cn_logo.png","contentUrl":"https:\/\/www.inetgo.pl\/wp-content\/uploads\/2025\/09\/cn_logo.png","width":145,"height":85,"caption":"CyberNET"},"image":{"@id":"https:\/\/www.inetgo.pl\/#\/schema\/logo\/image\/"},"sameAs":["https:\/\/facebook.com\/info.cybernet\/"]}]}},"_links":{"self":[{"href":"https:\/\/www.inetgo.pl\/index.php?rest_route=\/wp\/v2\/pages\/2785","targetHints":{"allow":["GET"]}}],"collection":[{"href":"https:\/\/www.inetgo.pl\/index.php?rest_route=\/wp\/v2\/pages"}],"about":[{"href":"https:\/\/www.inetgo.pl\/index.php?rest_route=\/wp\/v2\/types\/page"}],"author":[{"embeddable":true,"href":"https:\/\/www.inetgo.pl\/index.php?rest_route=\/wp\/v2\/users\/1"}],"replies":[{"embeddable":true,"href":"https:\/\/www.inetgo.pl\/index.php?rest_route=%2Fwp%2Fv2%2Fcomments&post=2785"}],"version-history":[{"count":30,"href":"https:\/\/www.inetgo.pl\/index.php?rest_route=\/wp\/v2\/pages\/2785\/revisions"}],"predecessor-version":[{"id":3015,"href":"https:\/\/www.inetgo.pl\/index.php?rest_route=\/wp\/v2\/pages\/2785\/revisions\/3015"}],"wp:attachment":[{"href":"https:\/\/www.inetgo.pl\/index.php?rest_route=%2Fwp%2Fv2%2Fmedia&parent=2785"}],"wp:term":[{"taxonomy":"folder","embeddable":true,"href":"https:\/\/www.inetgo.pl\/index.php?rest_route=%2Fwp%2Fv2%2Ffolder&post=2785"}],"curies":[{"name":"wp","href":"https:\/\/api.w.org\/{rel}","templated":true}]}}